{"id":8620,"date":"2023-01-09T12:45:27","date_gmt":"2023-01-09T10:45:27","guid":{"rendered":"https:\/\/www.kreisschule.ch\/?page_id=8620"},"modified":"2026-01-23T13:17:58","modified_gmt":"2026-01-23T11:17:58","slug":"generationen-im-klassenzimmer","status":"publish","type":"page","link":"https:\/\/www.kreisschule.ch\/?page_id=8620","title":{"rendered":"Generationen im Klassenzimmer"},"content":{"rendered":"<p>Die Kreisschule Mutschellen sucht Seniorinnen und Senioren, die bereit sind, ihre Lebenserfahrung im Rahmen des Projekts \u00abGenerationen im Klassenzimmer\u00bb mit Jugendlichen zu teilen &#8211; freiwillig, unentgeltlich und mit grosser Wirkung.<\/p>\n<p>Dieses Projekt wird an zahlreichen Schulen in der Schweiz erfolgreich umgesetzt. Auch bei uns st\u00f6sst es auf grosse Resonanz. Sch\u00fclerinnen und Sch\u00fcler, Lehrpersonen sowie die beteiligten Seniorinnen und Senioren sch\u00e4tzen den Austausch sehr.<\/p>\n<p><strong>Was Sie mitbringen: <\/strong><\/p>\n<p>Zeit, Geduld, soziale Kompetenz und die Freude, junge Menschen zu begleiten. P\u00e4dagogische Vorkenntnisse sind nicht erforderlich.<\/p>\n<p><strong>Was Sie erwartet: <\/strong><\/p>\n<p>\u2022 Ca. 2 bis 4 Lektionen pro Woche in einer unterst\u00fctzenden Rolle im Unterricht<\/p>\n<p>\u2022 Begegnungen auf Augenh\u00f6he und ein generationen\u00fcbergreifender Austausch<\/p>\n<p>\u2022 Eine klar definierte, professionell begleitete Einsatzstruktur<\/p>\n<p>\u2022 Wertsch\u00e4tzung und Integration in den Schulalltag<\/p>\n<p>Ihr Engagement f\u00f6rdert den Dialog zwischen den Generationen. Es st\u00e4rkt gegenseitiges Verst\u00e4ndnis und schafft pers\u00f6nliche Begegnungen, die den Schulalltag bereichern.<\/p>\n<p>Das Angebot richtet sich an Menschen aus allen Berufsfeldern. Besonders in der Oberstufe bietet der Austausch mit lebenserfahrenen Pers\u00f6nlichkeiten eine wertvolle Erg\u00e4nzung im Bildungsprozess.<\/p>\n<p>&nbsp;<\/p>\n<p>Haben wir Ihr Interesse geweckt? Haben Sie offene Fragen? Dann melden Sie sich direkt bei:<\/p>\n<p>Milan Stanojevic Projektkoordination<\/p>\n<p>E-Mail: <a href=\"milan.stanojevic@kreisschule.ch\">milan.stanojevic(at)kreisschule.ch <\/a><\/p>\n<p>Tel.: 056 648 31 01<\/p>\n<p>Weitere Informationen zum Projekt finden Sie hier: <a href=\"https:\/\/intergeneration.ch\/de\/generationen-im-klassenzimmer\/\">https:\/\/intergeneration.ch\/de\/generationen-im-klassenzimmer\/<\/a><\/p>\n","protected":false},"excerpt":{"rendered":"<p>Die Kreisschule Mutschellen sucht Seniorinnen und Senioren, die bereit sind, ihre Lebenserfahrung im Rahmen des Projekts \u00abGenerationen im Klassenzimmer\u00bb mit Jugendlichen zu teilen &#8211; freiwillig, unentgeltlich und mit grosser Wirkung. Dieses Projekt wird an zahlreichen Schulen in der Schweiz erfolgreich umgesetzt. Auch bei uns st\u00f6sst es auf grosse Resonanz. Sch\u00fclerinnen und Sch\u00fcler, Lehrpersonen sowie die [&hellip;]<\/p>\n","protected":false},"author":2,"featured_media":0,"parent":0,"menu_order":0,"comment_status":"closed","ping_status":"closed","template":"","meta":{"ngg_post_thumbnail":0,"footnotes":""},"class_list":["post-8620","page","type-page","status-publish","hentry"],"_links":{"self":[{"href":"https:\/\/www.kreisschule.ch\/index.php?rest_route=\/wp\/v2\/pages\/8620","targetHints":{"allow":["GET"]}}],"collection":[{"href":"https:\/\/www.kreisschule.ch\/index.php?rest_route=\/wp\/v2\/pages"}],"about":[{"href":"https:\/\/www.kreisschule.ch\/index.php?rest_route=\/wp\/v2\/types\/page"}],"author":[{"embeddable":true,"href":"https:\/\/www.kreisschule.ch\/index.php?rest_route=\/wp\/v2\/users\/2"}],"replies":[{"embeddable":true,"href":"https:\/\/www.kreisschule.ch\/index.php?rest_route=%2Fwp%2Fv2%2Fcomments&post=8620"}],"version-history":[{"count":8,"href":"https:\/\/www.kreisschule.ch\/index.php?rest_route=\/wp\/v2\/pages\/8620\/revisions"}],"predecessor-version":[{"id":10262,"href":"https:\/\/www.kreisschule.ch\/index.php?rest_route=\/wp\/v2\/pages\/8620\/revisions\/10262"}],"wp:attachment":[{"href":"https:\/\/www.kreisschule.ch\/index.php?rest_route=%2Fwp%2Fv2%2Fmedia&parent=8620"}],"curies":[{"name":"wp","href":"https:\/\/api.w.org\/{rel}","templated":true}]}}