{"id":98,"date":"2014-01-12T20:57:34","date_gmt":"2014-01-12T19:57:34","guid":{"rendered":"http:\/\/localhost\/banate\/?page_id=98"},"modified":"2025-08-29T12:34:09","modified_gmt":"2025-08-29T10:34:09","slug":"unsere-schule","status":"publish","type":"page","link":"https:\/\/www.kreisschule.ch\/?page_id=98","title":{"rendered":"Schulf\u00fchrung und Beh\u00f6rden"},"content":{"rendered":"<div>Claudia Tschannen leitet die KSM Schulverwaltung. Sie wird unterst\u00fctzt von Sue Lippert.<br \/>\nDas B\u00fcro der Schulverwaltung befindet sich im Geb\u00e4ude KSM 2.<\/p>\n<table style=\"max-width: 300px;\" cellspacing=\"0\">\n<tbody>\n<tr>\n<td><img decoding=\"async\" src=\"http:\/\/kreisschule.ch\/typo3temp\/pics\/8c13ccb0b8.jpg\" alt=\"\" width=\"100%\" height=\"auto\" border=\"0\"><\/td>\n<td><img decoding=\"async\" src=\"http:\/\/kreisschule.ch\/typo3temp\/pics\/0d47c44071.jpg\" alt=\"\" width=\"100%\" height=\"auto\" border=\"0\"><\/td>\n<\/tr>\n<tr>\n<td>Sue Lippert<\/td>\n<td>Claudia Tschannen<\/td>\n<\/tr>\n<\/tbody>\n<\/table>\n<table style=\"max-width: 500px; box-shadow: -1px 2px 5px 1px rgba(0, 0, 0, 0.7);\">\n<caption>\n<h4>\u00d6ffnungs- und Telefonzeiten der Schulverwaltung<\/h4>\n<\/caption>\n<tbody>\n<tr style=\"background-color: rgba(128, 128, 128, 0.5);\">\n<td>Montag<\/td>\n<td>8.00 &#8211; 11.30<\/td>\n<td>13.30 &#8211; 15.00<\/td>\n<\/tr>\n<tr style=\"background-color: rgba(255, 255, 255, 0.5);\">\n<td>Dienstag<\/td>\n<td>8.00 &#8211; 11.30<\/td>\n<td>13.30 &#8211; 15.00<\/td>\n<\/tr>\n<tr style=\"background-color: rgba(128, 128, 128, 0.5);\">\n<td>Mittwoch<\/td>\n<td>8.00 &#8211; 11.30<\/td>\n<td>&nbsp;<\/td>\n<\/tr>\n<tr style=\"background-color: rgba(255, 255, 255, 0.5);\">\n<td>Donnerstag<\/td>\n<td>8.00 &#8211; 11.30<\/td>\n<td>&nbsp;<\/td>\n<\/tr>\n<tr style=\"background-color: rgba(128, 128, 128, 0.5); hover: background-color: red;\">\n<td>Freitag<\/td>\n<td>8.00 &#8211; 11.30<\/td>\n<td>&nbsp;<\/td>\n<\/tr>\n<\/tbody>\n<\/table>\n<div>Telefon: 056 648 31 00<br \/>\nFax: 056 648 31 08<br \/>\nE-Mail: <a><img loading=\"lazy\" decoding=\"async\" src=\"http:\/\/kreisschule.ch\/uploads\/RTEmagicC_84797ff4b9_13.gif.gif\" alt=\"\" width=\"20\" height=\"14\"><\/a><a>sekretariat@kreisschule.ch<\/a><br \/>\nPostadresse: Bahnhofstrasse 34, 8965 Berikon<\/div>\n<\/div>\n","protected":false},"excerpt":{"rendered":"<p>Claudia Tschannen leitet die KSM Schulverwaltung. Sie wird unterst\u00fctzt von Sue Lippert. Das B\u00fcro der Schulverwaltung befindet sich im Geb\u00e4ude KSM 2. Sue Lippert Claudia Tschannen \u00d6ffnungs- und Telefonzeiten der Schulverwaltung Montag 8.00 &#8211; 11.30 13.30 &#8211; 15.00 Dienstag 8.00 &#8211; 11.30 13.30 &#8211; 15.00 Mittwoch 8.00 &#8211; 11.30 &nbsp; Donnerstag 8.00 &#8211; 11.30 &nbsp; [&hellip;]<\/p>\n","protected":false},"author":1,"featured_media":0,"parent":0,"menu_order":1,"comment_status":"closed","ping_status":"closed","template":"","meta":{"ngg_post_thumbnail":0,"footnotes":""},"class_list":["post-98","page","type-page","status-publish","hentry"],"_links":{"self":[{"href":"https:\/\/www.kreisschule.ch\/index.php?rest_route=\/wp\/v2\/pages\/98","targetHints":{"allow":["GET"]}}],"collection":[{"href":"https:\/\/www.kreisschule.ch\/index.php?rest_route=\/wp\/v2\/pages"}],"about":[{"href":"https:\/\/www.kreisschule.ch\/index.php?rest_route=\/wp\/v2\/types\/page"}],"author":[{"embeddable":true,"href":"https:\/\/www.kreisschule.ch\/index.php?rest_route=\/wp\/v2\/users\/1"}],"replies":[{"embeddable":true,"href":"https:\/\/www.kreisschule.ch\/index.php?rest_route=%2Fwp%2Fv2%2Fcomments&post=98"}],"version-history":[{"count":30,"href":"https:\/\/www.kreisschule.ch\/index.php?rest_route=\/wp\/v2\/pages\/98\/revisions"}],"predecessor-version":[{"id":10127,"href":"https:\/\/www.kreisschule.ch\/index.php?rest_route=\/wp\/v2\/pages\/98\/revisions\/10127"}],"wp:attachment":[{"href":"https:\/\/www.kreisschule.ch\/index.php?rest_route=%2Fwp%2Fv2%2Fmedia&parent=98"}],"curies":[{"name":"wp","href":"https:\/\/api.w.org\/{rel}","templated":true}]}}